{"id":547,"date":"2021-08-10T18:21:21","date_gmt":"2021-08-10T18:21:21","guid":{"rendered":"https:\/\/www.lebenswertesboro.de\/?page_id=547"},"modified":"2021-08-11T09:45:49","modified_gmt":"2021-08-11T09:45:49","slug":"hitzestau","status":"publish","type":"page","link":"https:\/\/www.lebenswertesboro.de\/index.php\/hitzestau\/","title":{"rendered":"Hitzestau"},"content":{"rendered":"<!-- PMB print buttons is only displayed on a single post\/page URLs-->\n<p>Wir leben in einer der w\u00e4rmsten Regionen Deutschlands, wie Sie in der verlinkten Karte vom Umweltbundesamt sehen k\u00f6nnen. Ein sehr starker Temperaturanstieg, zunehmende Trockenheitsgefahr und die Gefahr von Starkregen werden prognostiziert. &#8222;Klimarisiken durch extreme Hitze f\u00fcr die Gesundheit, besonders in St\u00e4dten, vorrangig entlang des Rheins und der Spree, den w\u00e4rmsten Regionen Deutschlands.&#8220; Noch mehr versiegelte B\u00f6den werden zwangsl\u00e4ufig zum Temperaturanstieg beitragen. Welche Auswirkungen wird die teilweise Abschottung nach Westen hin auf den Luftaustausch insbesondere im Ortsteil Roxheim haben?<\/p>\n\n\n\n<p><\/p>\n\n\n\n<p><a rel=\"noreferrer noopener\" href=\"https:\/\/www.umweltbundesamt.de\/presse\/pressemitteilungen\/neue-analyse-zeigt-risiken-der-erderhitzung-fuer\" target=\"_blank\">Hier k\u00f6nnen Sie sich zu Klimawirkungs-und Risikoanalysen informieren.<\/a><\/p>\n\n\n\n<p><\/p>\n\n\n\n<p><a href=\"https:\/\/www.lebenswertesboro.de\/index.php\/informationen\/\">Zur\u00fcck<\/a><\/p>\n","protected":false},"excerpt":{"rendered":"<p>Wir leben in einer der w\u00e4rmsten Regionen Deutschlands, wie Sie in der verlinkten Karte vom Umweltbundesamt sehen k\u00f6nnen. Ein sehr starker Temperaturanstieg, zunehmende Trockenheitsgefahr und die Gefahr von Starkregen werden prognostiziert. &#8222;Klimarisiken durch extreme Hitze f\u00fcr die Gesundheit, besonders in St\u00e4dten, vorrangig entlang des Rheins und der Spree, den w\u00e4rmsten Regionen Deutschlands.&#8220; Noch mehr versiegelte&hellip; <a class=\"more-link\" href=\"https:\/\/www.lebenswertesboro.de\/index.php\/hitzestau\/\"><span class=\"screen-reader-text\">Hitzestau<\/span> weiterlesen<\/a><\/p>\n","protected":false},"author":5,"featured_media":0,"parent":0,"menu_order":0,"comment_status":"closed","ping_status":"closed","template":"","meta":{"footnotes":""},"class_list":["post-547","page","type-page","status-publish","hentry","entry"],"_links":{"self":[{"href":"https:\/\/www.lebenswertesboro.de\/index.php\/wp-json\/wp\/v2\/pages\/547","targetHints":{"allow":["GET"]}}],"collection":[{"href":"https:\/\/www.lebenswertesboro.de\/index.php\/wp-json\/wp\/v2\/pages"}],"about":[{"href":"https:\/\/www.lebenswertesboro.de\/index.php\/wp-json\/wp\/v2\/types\/page"}],"author":[{"embeddable":true,"href":"https:\/\/www.lebenswertesboro.de\/index.php\/wp-json\/wp\/v2\/users\/5"}],"replies":[{"embeddable":true,"href":"https:\/\/www.lebenswertesboro.de\/index.php\/wp-json\/wp\/v2\/comments?post=547"}],"version-history":[{"count":2,"href":"https:\/\/www.lebenswertesboro.de\/index.php\/wp-json\/wp\/v2\/pages\/547\/revisions"}],"predecessor-version":[{"id":583,"href":"https:\/\/www.lebenswertesboro.de\/index.php\/wp-json\/wp\/v2\/pages\/547\/revisions\/583"}],"wp:attachment":[{"href":"https:\/\/www.lebenswertesboro.de\/index.php\/wp-json\/wp\/v2\/media?parent=547"}],"curies":[{"name":"wp","href":"https:\/\/api.w.org\/{rel}","templated":true}]}}