{"id":551,"date":"2021-08-10T18:26:56","date_gmt":"2021-08-10T18:26:56","guid":{"rendered":"https:\/\/www.lebenswertesboro.de\/?page_id=551"},"modified":"2021-08-11T09:47:46","modified_gmt":"2021-08-11T09:47:46","slug":"lebensmittel","status":"publish","type":"page","link":"https:\/\/www.lebenswertesboro.de\/index.php\/lebensmittel\/","title":{"rendered":"Lebensmittel"},"content":{"rendered":"<!-- PMB print buttons is only displayed on a single post\/page URLs-->\n<p>Die wertvollen Ackerb\u00f6den sind unwiederbringlich verloren! Versiegelung bedeutet den &#8222;\u00f6kologischen Tod&#8220; der B\u00f6den. Wenn in diesem Tempo weiter Ackerb\u00f6den f\u00fcr Baugebiete versiegelt werden, wird die Versorgung mit regionalen Lebensmitteln nicht mehr m\u00f6glich sein. M\u00f6chten Sie k\u00fcnftig nur noch teureres Obst und Gem\u00fcse aus dem Ausland verzehren, welches nicht nach den strengen Kriterien wie hier in Deutschland angebaut wird? Indirekt f\u00f6rdern Sie so eine weitere Schadstoffbelastung der Luft, der B\u00f6den und des Trinkwassers. Prek\u00e4re Arbeitsbedingungen, wie sie in vielen anderen L\u00e4ndern herrschen, werden ebenfalls nicht verbessert. Sie k\u00f6nnen dazu beitragen, dass die l\u00e4ndlichen Regionen nicht weiter ausbluten und die regionale Ern\u00e4hrung sichergestellt wird!<\/p>\n\n\n\n<p><\/p>\n\n\n\n<p><a href=\"https:\/\/www.lebenswertesboro.de\/index.php\/informationen\/\">Zur\u00fcck<\/a><\/p>\n","protected":false},"excerpt":{"rendered":"<p>Die wertvollen Ackerb\u00f6den sind unwiederbringlich verloren! Versiegelung bedeutet den &#8222;\u00f6kologischen Tod&#8220; der B\u00f6den. Wenn in diesem Tempo weiter Ackerb\u00f6den f\u00fcr Baugebiete versiegelt werden, wird die Versorgung mit regionalen Lebensmitteln nicht mehr m\u00f6glich sein. M\u00f6chten Sie k\u00fcnftig nur noch teureres Obst und Gem\u00fcse aus dem Ausland verzehren, welches nicht nach den strengen Kriterien wie hier in&hellip; <a class=\"more-link\" href=\"https:\/\/www.lebenswertesboro.de\/index.php\/lebensmittel\/\"><span class=\"screen-reader-text\">Lebensmittel<\/span> weiterlesen<\/a><\/p>\n","protected":false},"author":5,"featured_media":0,"parent":0,"menu_order":0,"comment_status":"closed","ping_status":"closed","template":"","meta":{"footnotes":""},"class_list":["post-551","page","type-page","status-publish","hentry","entry"],"_links":{"self":[{"href":"https:\/\/www.lebenswertesboro.de\/index.php\/wp-json\/wp\/v2\/pages\/551","targetHints":{"allow":["GET"]}}],"collection":[{"href":"https:\/\/www.lebenswertesboro.de\/index.php\/wp-json\/wp\/v2\/pages"}],"about":[{"href":"https:\/\/www.lebenswertesboro.de\/index.php\/wp-json\/wp\/v2\/types\/page"}],"author":[{"embeddable":true,"href":"https:\/\/www.lebenswertesboro.de\/index.php\/wp-json\/wp\/v2\/users\/5"}],"replies":[{"embeddable":true,"href":"https:\/\/www.lebenswertesboro.de\/index.php\/wp-json\/wp\/v2\/comments?post=551"}],"version-history":[{"count":2,"href":"https:\/\/www.lebenswertesboro.de\/index.php\/wp-json\/wp\/v2\/pages\/551\/revisions"}],"predecessor-version":[{"id":588,"href":"https:\/\/www.lebenswertesboro.de\/index.php\/wp-json\/wp\/v2\/pages\/551\/revisions\/588"}],"wp:attachment":[{"href":"https:\/\/www.lebenswertesboro.de\/index.php\/wp-json\/wp\/v2\/media?parent=551"}],"curies":[{"name":"wp","href":"https:\/\/api.w.org\/{rel}","templated":true}]}}