{"id":555,"date":"2021-08-10T18:34:16","date_gmt":"2021-08-10T18:34:16","guid":{"rendered":"https:\/\/www.lebenswertesboro.de\/?page_id=555"},"modified":"2021-08-31T10:12:09","modified_gmt":"2021-08-31T10:12:09","slug":"landwirte","status":"publish","type":"page","link":"https:\/\/www.lebenswertesboro.de\/index.php\/landwirte\/","title":{"rendered":"Landwirte"},"content":{"rendered":"<!-- PMB print buttons is only displayed on a single post\/page URLs-->\n<p>Haben Sie sich schon mal gefragt, wie es den Landwirten geht, die die Felder des geplanten Neubaugebietes bewirtschaften? Diese Menschen produzieren unsere Nahrung, unsere Lebensgrundlage! Wir haben mit Landwirten gesprochen. Sie werden Teile ihres Einkommens verlieren, da ihnen die Pacht dieser Fl\u00e4chen von den Eigent\u00fcmern gek\u00fcndigt werden wird. Durch den zus\u00e4tzlichen Bau der Umgehungsstra\u00dfe verliert zum Beispiel einer der Landwirte fast 10 Hektar Fl\u00e4che. Es gibt daf\u00fcr keinen Ersatz. Nein, Ausgleichsfl\u00e4chen sind keine Fl\u00e4chen, die den Landwirten angeboten werden. Das Bundesnaturschutzgesetz und das Landesrecht Rheinland-Pfalz schreiben vor, dass Ausgleichs-und Ersatzma\u00dfnahmen erfolgen m\u00fcssen, wenn z.B. Neubaugebiete entstehen. Um seine Familie und 50 weitere Familien zu versorgen, ben\u00f6tigt ein Erwerbslandwirt ca. 100 ha Boden. F\u00fcr den \u00f6kologischen Landbau ist es notwendig, dass Fruchtfolgen eingehalten werden und Fl\u00e4chen sich erholen k\u00f6nnen. Mit noch weniger Fl\u00e4chen ist eine \u00f6kologische Landwirtschaft nahezu unm\u00f6glich. Die Firma Frosta w\u00fcrde die Ernten von zwei Landwirten verlieren, deren Ackerland dem Neubaugebiet zum Opfer fallen w\u00fcrde.<\/p>\n\n\n\n<p> <\/p>\n\n\n\n<p><a rel=\"noreferrer noopener\" href=\"http:\/\/landesrecht.rlp.de\/jportal\/portal\/t\/bv9\/page\/bsrlpprod.psml;jsessionid=85442E29BD172FF984A98DB524EAE97B.jp14?doc.hl=1&amp;doc.id=jlr-NatSchGRP2015rahmen&amp;documentnumber=1&amp;numberofresults=89&amp;doctyp=Norm&amp;showdoccase=1&amp;doc.part=X&amp;paramfromHL=true#jlr-NatSchGRP2015pP7\" target=\"_blank\">Hier k\u00f6nnen Sie sich zu den Ausgleichs- und Ersatzma\u00dfnahmen informieren.<\/a><\/p>\n\n\n\n<p> <\/p>\n\n\n\n<div class=\"wp-block-media-text alignwide is-stacked-on-mobile\"><figure class=\"wp-block-media-text__media\"><img decoding=\"async\" width=\"697\" height=\"800\" src=\"https:\/\/www.lebenswertesboro.de\/wp-content\/uploads\/2021\/08\/Verlorene-Hoefe-2019.jpg\" alt=\"Agraratlas 2019\" class=\"wp-image-611 size-full\" srcset=\"https:\/\/www.lebenswertesboro.de\/wp-content\/uploads\/2021\/08\/Verlorene-Hoefe-2019.jpg 697w, https:\/\/www.lebenswertesboro.de\/wp-content\/uploads\/2021\/08\/Verlorene-Hoefe-2019-261x300.jpg 261w\" sizes=\"(max-width: 697px) 100vw, 697px\" \/><\/figure><div class=\"wp-block-media-text__content\">\n<p>In Westdeutschland sinkt die Zahl der Bauernh\u00f6fe nach wie vor. In Ostdeutschland teilen sich gro\u00dfe Agrarbetriebe in kleinere Firmen auf.<\/p>\n\n\n\n<p><br>Quelle: Agrar Atlas 2019 <a href=\"https:\/\/www.bund.net\/service\/publikationen\/detail\/publication\/agraratlas-2019\/\" target=\"_blank\" rel=\"noreferrer noopener\">https:\/\/www.bund.net\/service\/publikationen\/detail\/publication\/agraratlas-2019\/<\/a><\/p>\n<\/div><\/div>\n\n\n\n<p> <\/p>\n\n\n\n<p><a href=\"https:\/\/www.lebenswertesboro.de\/index.php\/informationen\/\">Zur\u00fcck<\/a><\/p>\n","protected":false},"excerpt":{"rendered":"<p>Haben Sie sich schon mal gefragt, wie es den Landwirten geht, die die Felder des geplanten Neubaugebietes bewirtschaften? Diese Menschen produzieren unsere Nahrung, unsere Lebensgrundlage! Wir haben mit Landwirten gesprochen. Sie werden Teile ihres Einkommens verlieren, da ihnen die Pacht dieser Fl\u00e4chen von den Eigent\u00fcmern gek\u00fcndigt werden wird. Durch den zus\u00e4tzlichen Bau der Umgehungsstra\u00dfe verliert&hellip; <a class=\"more-link\" href=\"https:\/\/www.lebenswertesboro.de\/index.php\/landwirte\/\"><span class=\"screen-reader-text\">Landwirte<\/span> weiterlesen<\/a><\/p>\n","protected":false},"author":5,"featured_media":0,"parent":0,"menu_order":0,"comment_status":"closed","ping_status":"closed","template":"","meta":{"footnotes":""},"class_list":["post-555","page","type-page","status-publish","hentry","entry"],"_links":{"self":[{"href":"https:\/\/www.lebenswertesboro.de\/index.php\/wp-json\/wp\/v2\/pages\/555","targetHints":{"allow":["GET"]}}],"collection":[{"href":"https:\/\/www.lebenswertesboro.de\/index.php\/wp-json\/wp\/v2\/pages"}],"about":[{"href":"https:\/\/www.lebenswertesboro.de\/index.php\/wp-json\/wp\/v2\/types\/page"}],"author":[{"embeddable":true,"href":"https:\/\/www.lebenswertesboro.de\/index.php\/wp-json\/wp\/v2\/users\/5"}],"replies":[{"embeddable":true,"href":"https:\/\/www.lebenswertesboro.de\/index.php\/wp-json\/wp\/v2\/comments?post=555"}],"version-history":[{"count":3,"href":"https:\/\/www.lebenswertesboro.de\/index.php\/wp-json\/wp\/v2\/pages\/555\/revisions"}],"predecessor-version":[{"id":612,"href":"https:\/\/www.lebenswertesboro.de\/index.php\/wp-json\/wp\/v2\/pages\/555\/revisions\/612"}],"wp:attachment":[{"href":"https:\/\/www.lebenswertesboro.de\/index.php\/wp-json\/wp\/v2\/media?parent=555"}],"curies":[{"name":"wp","href":"https:\/\/api.w.org\/{rel}","templated":true}]}}