{"id":559,"date":"2021-08-10T18:38:34","date_gmt":"2021-08-10T18:38:34","guid":{"rendered":"https:\/\/www.lebenswertesboro.de\/?page_id=559"},"modified":"2021-09-15T13:58:00","modified_gmt":"2021-09-15T13:58:00","slug":"bauspekulation","status":"publish","type":"page","link":"https:\/\/www.lebenswertesboro.de\/index.php\/bauspekulation\/","title":{"rendered":"Bauspekulation"},"content":{"rendered":"<!-- PMB print buttons is only displayed on a single post\/page URLs-->\n<p>Wie wird verhindert, dass Investoren mit dem Bauerwartungsland spekulieren? K\u00f6nnen es sich Familie mit mittlerem Einkommen leisten, in diesem Gebiet ein Haus zu kaufen? Mit allen notwendigen \u00f6kologischen Standards wird das fast unbezahlbar werden.<\/p>\n\n\n\n<p><a href=\"https:\/\/www.tagesschau.de\/wirtschaft\/finanzen\/landgrabbing-agrarferne-investoren-101.html\" target=\"_blank\" rel=\"noreferrer noopener\">Wie kommen wir eigentlich darauf?<\/a><\/p>\n\n\n\n<p><a href=\"https:\/\/www.bpb.de\/gesellschaft\/umwelt\/landwirtschaft\/327407\/der-preis-des-bodens\" target=\"_blank\" rel=\"noreferrer noopener\">Der Preis des Bodens<\/a><\/p>\n\n\n\n<p><\/p>\n\n\n\n<p><a href=\"https:\/\/www.lebenswertesboro.de\/index.php\/informationen\/\">Zur\u00fcck<\/a><\/p>\n","protected":false},"excerpt":{"rendered":"<p>Wie wird verhindert, dass Investoren mit dem Bauerwartungsland spekulieren? K\u00f6nnen es sich Familie mit mittlerem Einkommen leisten, in diesem Gebiet ein Haus zu kaufen? Mit allen notwendigen \u00f6kologischen Standards wird das fast unbezahlbar werden. Wie kommen wir eigentlich darauf? Der Preis des Bodens Zur\u00fcck<\/p>\n","protected":false},"author":5,"featured_media":0,"parent":0,"menu_order":0,"comment_status":"closed","ping_status":"closed","template":"","meta":{"footnotes":""},"class_list":["post-559","page","type-page","status-publish","hentry","entry"],"_links":{"self":[{"href":"https:\/\/www.lebenswertesboro.de\/index.php\/wp-json\/wp\/v2\/pages\/559","targetHints":{"allow":["GET"]}}],"collection":[{"href":"https:\/\/www.lebenswertesboro.de\/index.php\/wp-json\/wp\/v2\/pages"}],"about":[{"href":"https:\/\/www.lebenswertesboro.de\/index.php\/wp-json\/wp\/v2\/types\/page"}],"author":[{"embeddable":true,"href":"https:\/\/www.lebenswertesboro.de\/index.php\/wp-json\/wp\/v2\/users\/5"}],"replies":[{"embeddable":true,"href":"https:\/\/www.lebenswertesboro.de\/index.php\/wp-json\/wp\/v2\/comments?post=559"}],"version-history":[{"count":4,"href":"https:\/\/www.lebenswertesboro.de\/index.php\/wp-json\/wp\/v2\/pages\/559\/revisions"}],"predecessor-version":[{"id":640,"href":"https:\/\/www.lebenswertesboro.de\/index.php\/wp-json\/wp\/v2\/pages\/559\/revisions\/640"}],"wp:attachment":[{"href":"https:\/\/www.lebenswertesboro.de\/index.php\/wp-json\/wp\/v2\/media?parent=559"}],"curies":[{"name":"wp","href":"https:\/\/api.w.org\/{rel}","templated":true}]}}