{"id":563,"date":"2021-08-10T18:41:32","date_gmt":"2021-08-10T18:41:32","guid":{"rendered":"https:\/\/www.lebenswertesboro.de\/?page_id=563"},"modified":"2021-08-11T09:45:08","modified_gmt":"2021-08-11T09:45:08","slug":"bauversprechen","status":"publish","type":"page","link":"https:\/\/www.lebenswertesboro.de\/index.php\/bauversprechen\/","title":{"rendered":"Bauversprechen"},"content":{"rendered":"<!-- PMB print buttons is only displayed on a single post\/page URLs-->\n<p>Wird es f\u00fcr Familien und Bauinteressierte aus dem Ort eine Garantie geben, dass sie Grundst\u00fccke erwerben k\u00f6nnen? Es werden mehr Menschen von au\u00dferhalb angelockt, damit die Bev\u00f6lkerung hier w\u00e4chst und dadurch angeblich die Selbstst\u00e4ndigkeit der Gemeinde erhalten bleibt.<\/p>\n\n\n\n<p><\/p>\n\n\n\n<p><a href=\"https:\/\/www.lebenswertesboro.de\/index.php\/informationen\/\">Zur\u00fcck<\/a><\/p>\n","protected":false},"excerpt":{"rendered":"<p>Wird es f\u00fcr Familien und Bauinteressierte aus dem Ort eine Garantie geben, dass sie Grundst\u00fccke erwerben k\u00f6nnen? Es werden mehr Menschen von au\u00dferhalb angelockt, damit die Bev\u00f6lkerung hier w\u00e4chst und dadurch angeblich die Selbstst\u00e4ndigkeit der Gemeinde erhalten bleibt. Zur\u00fcck<\/p>\n","protected":false},"author":5,"featured_media":0,"parent":0,"menu_order":0,"comment_status":"closed","ping_status":"closed","template":"","meta":{"footnotes":""},"class_list":["post-563","page","type-page","status-publish","hentry","entry"],"_links":{"self":[{"href":"https:\/\/www.lebenswertesboro.de\/index.php\/wp-json\/wp\/v2\/pages\/563","targetHints":{"allow":["GET"]}}],"collection":[{"href":"https:\/\/www.lebenswertesboro.de\/index.php\/wp-json\/wp\/v2\/pages"}],"about":[{"href":"https:\/\/www.lebenswertesboro.de\/index.php\/wp-json\/wp\/v2\/types\/page"}],"author":[{"embeddable":true,"href":"https:\/\/www.lebenswertesboro.de\/index.php\/wp-json\/wp\/v2\/users\/5"}],"replies":[{"embeddable":true,"href":"https:\/\/www.lebenswertesboro.de\/index.php\/wp-json\/wp\/v2\/comments?post=563"}],"version-history":[{"count":2,"href":"https:\/\/www.lebenswertesboro.de\/index.php\/wp-json\/wp\/v2\/pages\/563\/revisions"}],"predecessor-version":[{"id":581,"href":"https:\/\/www.lebenswertesboro.de\/index.php\/wp-json\/wp\/v2\/pages\/563\/revisions\/581"}],"wp:attachment":[{"href":"https:\/\/www.lebenswertesboro.de\/index.php\/wp-json\/wp\/v2\/media?parent=563"}],"curies":[{"name":"wp","href":"https:\/\/api.w.org\/{rel}","templated":true}]}}