{"id":780,"date":"2024-08-30T15:18:33","date_gmt":"2024-08-30T15:18:33","guid":{"rendered":"https:\/\/www.lebenswertesboro.de\/?page_id=780"},"modified":"2024-10-09T16:01:31","modified_gmt":"2024-10-09T16:01:31","slug":"buergerbegehren-staedtebauliche-entwicklung-suedlich-des-globusmarktes","status":"publish","type":"page","link":"https:\/\/www.lebenswertesboro.de\/index.php\/buergerbegehren-staedtebauliche-entwicklung-suedlich-des-globusmarktes\/","title":{"rendered":"B\u00fcrgerbegehren &#8222;St\u00e4dtebauliche Entwicklung s\u00fcdlich des Globusmarktes&#8220;"},"content":{"rendered":"<!-- PMB print buttons is only displayed on a single post\/page URLs-->\n<figure class=\"wp-block-image size-large\"><img decoding=\"async\" width=\"1024\" height=\"461\" src=\"https:\/\/www.lebenswertesboro.de\/wp-content\/uploads\/2024\/08\/Neubaugebiet-Globus-Sued-1024x461.jpg\" alt=\"\" class=\"wp-image-785\" srcset=\"https:\/\/www.lebenswertesboro.de\/wp-content\/uploads\/2024\/08\/Neubaugebiet-Globus-Sued-1024x461.jpg 1024w, https:\/\/www.lebenswertesboro.de\/wp-content\/uploads\/2024\/08\/Neubaugebiet-Globus-Sued-300x135.jpg 300w, https:\/\/www.lebenswertesboro.de\/wp-content\/uploads\/2024\/08\/Neubaugebiet-Globus-Sued-768x346.jpg 768w, https:\/\/www.lebenswertesboro.de\/wp-content\/uploads\/2024\/08\/Neubaugebiet-Globus-Sued-1536x691.jpg 1536w, https:\/\/www.lebenswertesboro.de\/wp-content\/uploads\/2024\/08\/Neubaugebiet-Globus-Sued-2048x922.jpg 2048w, https:\/\/www.lebenswertesboro.de\/wp-content\/uploads\/2024\/08\/Neubaugebiet-Globus-Sued-1568x706.jpg 1568w\" sizes=\"(max-width: 1024px) 100vw, 1024px\" \/><\/figure>\n\n\n\n<p><strong>Liebe B\u00fcrgerinnen und B\u00fcrger von Bobenheim-Roxheim,<\/strong><\/p>\n\n\n\n<p>die rechtliche Bindung des B\u00fcrgerentscheids vom 26. September 2021 l\u00e4uft bald aus. Die B\u00fcrgerinitiative Lebenswertes BoRo gibt hiermit bekannt, dass ein neues B\u00fcrgerbegehren gem\u00e4\u00df \u00a717a der Gemeindeordnung Rheinland-Pfalz mit folgender Fragestellung eingeleitet wurde:<\/p>\n\n\n\n<p><strong>&#8222;Soll eine st\u00e4dtebauliche Entwicklung von Bobenheim-Roxheim auf der Fl\u00e4che s\u00fcdlich des Globusmarktes nach Ablauf der rechtlichen Bindung des B\u00fcrgerentscheids von 2021 erfolgen?&#8220;<\/strong><\/p>\n\n\n\n<p>Wir bitten Sie als Anwohnerinnen und Anwohner von Bobenheim-Roxheim um Ihre Unterschrift. Nur wenn gen\u00fcgend Unterschriften gesammelt werden, kann das B\u00fcrgerbegehren mit Erfolg eingereicht werden.<\/p>\n\n\n\n<p>Ausgehend vom Wahlprogramm der nun st\u00e4rksten Partei im Gemeinderat wird die Bauleitplanung f\u00fcr das Neubaugebiet s\u00fcdlich des Globusmarktes nahezu sicher ohne Einbeziehung des B\u00fcrgerwillens bald beschlossen. Ist dieser Beschluss erst einmal gefasst, kann er nachtr\u00e4glich durch einen B\u00fcrgerentscheid nicht mehr r\u00fcckg\u00e4ngig gemacht werden.<\/p>\n\n\n\n<p><strong>Nur durch einen B\u00fcrgerentscheid haben die B\u00fcrgerinnen und B\u00fcrger von Bobenheim-Roxheim die M\u00f6glichkeit, in einer geheimen Wahl dar\u00fcber abzustimmen, ob sie ein Neubaugebiet s\u00fcdlich des Globusmarktes akzeptieren wollen oder nicht.<\/strong><\/p>\n\n\n\n<p><strong><u>Bitte unterst\u00fctzen Sie uns mit Ihrer Unterschrift, um diese wichtige Entscheidung in die H\u00e4nde der B\u00fcrger zu legen!<\/u><\/strong><\/p>\n\n\n\n<p>Im Folgenden finden Sie die Vorlage der Unterschriftenliste. Diese kann heruntergeladen und ausgef\u00fcllt werden. Die Originaldokumente (keine Kopien) werfen Sie bitte ausschlie\u00dflich in die Briefk\u00e4sten der Vertretungsberechtigten ein, die auf der Unterschriftenliste vermerkt sind. Die Abgabe der Unterschriftenliste ist auch nach dem 20. September 2024 bis auf weiteres m\u00f6glich.<\/p>\n\n\n\n<p><strong><a href=\"https:\/\/www.lebenswertesboro.de\/wp-content\/uploads\/2024\/10\/Unterschriftenliste_zum_Buergerbegehren_2024.pdf\" data-type=\"link\" data-id=\"https:\/\/www.lebenswertesboro.de\/wp-content\/uploads\/2024\/10\/Unterschriftenliste_zum_Buergerbegehren_2024.pdf\" target=\"_blank\" rel=\"noreferrer noopener\">Unterschriftenliste-zum-Buergerbegehren-2024.pdf<\/a><\/strong><\/p>\n\n\n\n<p>Wer weitere Informationen zu der Thematik B\u00fcrgerbegehren, B\u00fcrgerentscheid und das m\u00f6gliche Neubaugebiet s\u00fcdlich des Globus erfahren will, wird hier f\u00fcndig:<\/p>\n\n\n\n<p><a href=\"https:\/\/www.ardmediathek.de\/video\/zur-sache-rheinland-pfalz\/75-jahre-grundgesetz-brauchen-wir-mehr-basis-demokratie\/swr-rp\/Y3JpZDovL3N3ci5kZS9hZXgvbzIwNTQ4Mzg\" target=\"_blank\" rel=\"noreferrer noopener\">https:\/\/www.ardmediathek.de\/video\/zur-sache-rheinland-pfalz\/75-jahre-grundgesetz-brauchen-wir-mehr-basis-demokratie\/swr-rp\/Y3JpZDovL3N3ci5kZS9hZXgvbzIwNTQ4Mzg<\/a><\/p>\n\n\n\n<p><\/p>\n","protected":false},"excerpt":{"rendered":"<p>Liebe B\u00fcrgerinnen und B\u00fcrger von Bobenheim-Roxheim, die rechtliche Bindung des B\u00fcrgerentscheids vom 26. September 2021 l\u00e4uft bald aus. Die B\u00fcrgerinitiative Lebenswertes BoRo gibt hiermit bekannt, dass ein neues B\u00fcrgerbegehren gem\u00e4\u00df \u00a717a der Gemeindeordnung Rheinland-Pfalz mit folgender Fragestellung eingeleitet wurde: &#8222;Soll eine st\u00e4dtebauliche Entwicklung von Bobenheim-Roxheim auf der Fl\u00e4che s\u00fcdlich des Globusmarktes nach Ablauf der rechtlichen&hellip; <a class=\"more-link\" href=\"https:\/\/www.lebenswertesboro.de\/index.php\/buergerbegehren-staedtebauliche-entwicklung-suedlich-des-globusmarktes\/\"><span class=\"screen-reader-text\">B\u00fcrgerbegehren &#8222;St\u00e4dtebauliche Entwicklung s\u00fcdlich des Globusmarktes&#8220;<\/span> weiterlesen<\/a><\/p>\n","protected":false},"author":5,"featured_media":0,"parent":0,"menu_order":0,"comment_status":"closed","ping_status":"closed","template":"","meta":{"footnotes":""},"class_list":["post-780","page","type-page","status-publish","hentry","entry"],"_links":{"self":[{"href":"https:\/\/www.lebenswertesboro.de\/index.php\/wp-json\/wp\/v2\/pages\/780","targetHints":{"allow":["GET"]}}],"collection":[{"href":"https:\/\/www.lebenswertesboro.de\/index.php\/wp-json\/wp\/v2\/pages"}],"about":[{"href":"https:\/\/www.lebenswertesboro.de\/index.php\/wp-json\/wp\/v2\/types\/page"}],"author":[{"embeddable":true,"href":"https:\/\/www.lebenswertesboro.de\/index.php\/wp-json\/wp\/v2\/users\/5"}],"replies":[{"embeddable":true,"href":"https:\/\/www.lebenswertesboro.de\/index.php\/wp-json\/wp\/v2\/comments?post=780"}],"version-history":[{"count":12,"href":"https:\/\/www.lebenswertesboro.de\/index.php\/wp-json\/wp\/v2\/pages\/780\/revisions"}],"predecessor-version":[{"id":812,"href":"https:\/\/www.lebenswertesboro.de\/index.php\/wp-json\/wp\/v2\/pages\/780\/revisions\/812"}],"wp:attachment":[{"href":"https:\/\/www.lebenswertesboro.de\/index.php\/wp-json\/wp\/v2\/media?parent=780"}],"curies":[{"name":"wp","href":"https:\/\/api.w.org\/{rel}","templated":true}]}}